{"id":6066,"date":"2017-09-13T13:21:01","date_gmt":"2017-09-13T13:21:01","guid":{"rendered":"http:\/\/vivaba.com\/?page_id=6066"},"modified":"2019-11-26T00:54:45","modified_gmt":"2019-11-25T23:54:45","slug":"prijava-za-nastavnike","status":"publish","type":"page","link":"https:\/\/vivaba.com\/?page_id=6066","title":{"rendered":"Prijava za nastavnike"},"content":{"rendered":"\t\t<div data-elementor-type=\"wp-post\" data-elementor-id=\"6066\" class=\"elementor elementor-6066\">\n\t\t\t\t\t\t<section class=\"elementor-section elementor-top-section elementor-element elementor-element-gazgvvz elementor-section-stretched elementor-section-boxed elementor-section-height-default elementor-section-height-default\" data-id=\"gazgvvz\" data-element_type=\"section\" data-e-type=\"section\" data-settings=\"{&quot;stretch_section&quot;:&quot;section-stretched&quot;,&quot;background_background&quot;:&quot;classic&quot;}\">\n\t\t\t\t\t\t\t<div class=\"elementor-background-overlay\"><\/div>\n\t\t\t\t\t\t\t<div class=\"elementor-container elementor-column-gap-default\">\n\t\t\t\t\t<div class=\"elementor-column elementor-col-50 elementor-top-column elementor-element elementor-element-zscsc4m\" data-id=\"zscsc4m\" data-element_type=\"column\" data-e-type=\"column\" data-settings=\"{&quot;background_background&quot;:&quot;classic&quot;}\">\n\t\t\t<div class=\"elementor-widget-wrap elementor-element-populated\">\n\t\t\t\t\t\t<div class=\"elementor-element elementor-element-liqdzlh elementor-widget elementor-widget-shortcode\" data-id=\"liqdzlh\" data-element_type=\"widget\" data-e-type=\"widget\" data-widget_type=\"shortcode.default\">\n\t\t\t\t<div class=\"elementor-widget-container\">\n\t\t\t\t\t\t\t<div class=\"elementor-shortcode\">\n<div class=\"wpcf7 no-js\" id=\"wpcf7-f6062-o1\" lang=\"en-US\" dir=\"ltr\" data-wpcf7-id=\"6062\">\n<div class=\"screen-reader-response\"><p role=\"status\" aria-live=\"polite\" aria-atomic=\"true\"><\/p> <ul><\/ul><\/div>\n<form action=\"\/index.php?rest_route=%2Fwp%2Fv2%2Fpages%2F6066#wpcf7-f6062-o1\" method=\"post\" class=\"wpcf7-form init\" aria-label=\"Contact form\" novalidate=\"novalidate\" data-status=\"init\">\n<fieldset class=\"hidden-fields-container\"><input type=\"hidden\" name=\"_wpcf7\" value=\"6062\" \/><input type=\"hidden\" name=\"_wpcf7_version\" value=\"6.1.5\" \/><input type=\"hidden\" name=\"_wpcf7_locale\" value=\"en_US\" \/><input type=\"hidden\" name=\"_wpcf7_unit_tag\" value=\"wpcf7-f6062-o1\" \/><input type=\"hidden\" name=\"_wpcf7_container_post\" value=\"0\" \/><input type=\"hidden\" name=\"_wpcf7_posted_data_hash\" value=\"\" \/><input type=\"hidden\" name=\"_wpcf7_recaptcha_response\" value=\"\" \/>\n<\/fieldset>\n<p><label><br \/>\n<span class=\"wpcf7-form-control-wrap\" data-name=\"your-name\"><input size=\"40\" maxlength=\"400\" class=\"wpcf7-form-control wpcf7-text wpcf7-validates-as-required\" aria-required=\"true\" aria-invalid=\"false\" placeholder=\"va\u0161e ime i prezime\" value=\"\" type=\"text\" name=\"your-name\" \/><\/span> <\/label><br \/>\n<label><br \/>\n<span class=\"wpcf7-form-control-wrap\" data-name=\"your-email\"><input size=\"40\" maxlength=\"400\" class=\"wpcf7-form-control wpcf7-email wpcf7-validates-as-required wpcf7-text wpcf7-validates-as-email\" aria-required=\"true\" aria-invalid=\"false\" placeholder=\"va\u0161 email\" value=\"\" type=\"email\" name=\"your-email\" \/><\/span> <\/label><br \/>\n<label><br \/>\n<span class=\"wpcf7-form-control-wrap\" data-name=\"tel-562\"><input size=\"40\" maxlength=\"400\" class=\"wpcf7-form-control wpcf7-tel wpcf7-validates-as-required wpcf7-text wpcf7-validates-as-tel\" aria-required=\"true\" aria-invalid=\"false\" placeholder=\"Broj telefona\" value=\"\" type=\"tel\" name=\"tel-562\" \/><\/span> <\/label><br \/>\n<label><br \/>\n<span class=\"wpcf7-form-control-wrap\" data-name=\"menu-757\"><select class=\"wpcf7-form-control wpcf7-select\" aria-invalid=\"false\" name=\"menu-757\"><option value=\"Vi ste?\">Vi ste?<\/option><option value=\"Nastavnik\">Nastavnik<\/option><option value=\"Direktor\">Direktor<\/option><option value=\"Pedagog\">Pedagog<\/option><option value=\"Sekretar\/ica\">Sekretar\/ica<\/option><\/select><\/span> <\/label><br \/>\n<label><br \/>\n<span class=\"wpcf7-form-control-wrap\" data-name=\"number-360\"><input class=\"wpcf7-form-control wpcf7-number wpcf7-validates-as-number\" min=\"10\" max=\"25\" aria-invalid=\"false\" placeholder=\"U\u010desnika\" value=\"\" type=\"number\" name=\"number-360\" \/><\/span> <\/label><br \/>\n<label><br \/>\n<span class=\"wpcf7-form-control-wrap\" data-name=\"text-734\"><input size=\"40\" maxlength=\"400\" class=\"wpcf7-form-control wpcf7-text wpcf7-validates-as-required\" aria-required=\"true\" aria-invalid=\"false\" placeholder=\"Grad i \u0161kola\" value=\"\" type=\"text\" name=\"text-734\" \/><\/span> <\/label><br \/>\n<label><br \/>\n<span class=\"wpcf7-form-control-wrap\" data-name=\"textarea-194\"><textarea cols=\"40\" rows=\"10\" maxlength=\"2000\" class=\"wpcf7-form-control wpcf7-textarea wpcf7-validates-as-required\" aria-required=\"true\" aria-invalid=\"false\" name=\"textarea-194\">Poruka<\/textarea><\/span> <\/label>\n<\/p>\n<p><input class=\"wpcf7-form-control wpcf7-submit has-spinner\" type=\"submit\" value=\"PO\u0160ALJI\" \/>\n<\/p><div class=\"wpcf7-response-output\" aria-hidden=\"true\"><\/div>\n<\/form>\n<\/div>\n<\/div>\n\t\t\t\t\t\t<\/div>\n\t\t\t\t<\/div>\n\t\t\t\t\t<\/div>\n\t\t<\/div>\n\t\t\t\t<div class=\"elementor-column elementor-col-50 elementor-top-column elementor-element elementor-element-n6f52fq\" data-id=\"n6f52fq\" data-element_type=\"column\" data-e-type=\"column\" data-settings=\"{&quot;background_background&quot;:&quot;classic&quot;}\">\n\t\t\t<div class=\"elementor-widget-wrap elementor-element-populated\">\n\t\t\t\t\t\t<div class=\"elementor-element elementor-element-uhhxowk elementor-widget elementor-widget-heading\" data-id=\"uhhxowk\" data-element_type=\"widget\" data-e-type=\"widget\" data-widget_type=\"heading.default\">\n\t\t\t\t<div class=\"elementor-widget-container\">\n\t\t\t\t\t<h2 class=\"elementor-heading-title elementor-size-default\">Po\u0161tovani, <\/h2>\t\t\t\t<\/div>\n\t\t\t\t<\/div>\n\t\t\t\t<div class=\"elementor-element elementor-element-3hpkym0 elementor-widget elementor-widget-text-editor\" data-id=\"3hpkym0\" data-element_type=\"widget\" data-e-type=\"widget\" data-widget_type=\"text-editor.default\">\n\t\t\t\t<div class=\"elementor-widget-container\">\n\t\t\t\t\t\t\t\t\t<p>molimo Vas da popunite formular sa lijeve strane, ukoliko \u017eelite da prijavite\u00a0svoj razred, svoju sekciju, ili grupu u\u010denika na &#8220;<strong>Viva \u0161kolu filma.<\/strong>&#8221; Molimo Vas da posebno obratite pa\u017enju na ta\u010dnost kontakt informacija, jer \u0107e ih, po primanju, na\u0161 tim koristiti kako bi sa Vama dogovorio dalje detalje.\u00a0<\/p><p>Hvala na razumijevanju<\/p><p><em><strong>Va\u0161 Viva tim<\/strong><\/em><\/p>\t\t\t\t\t\t\t\t<\/div>\n\t\t\t\t<\/div>\n\t\t\t\t\t<\/div>\n\t\t<\/div>\n\t\t\t\t\t<\/div>\n\t\t<\/section>\n\t\t\t\t<\/div>\n\t\t","protected":false},"excerpt":{"rendered":"<p>Po\u0161tovani, molimo Vas da popunite formular sa lijeve strane, ukoliko \u017eelite da prijavite&nbsp;svoj razred, svoju sekciju, ili grupu u\u010denika na &#8220;Viva \u0161kolu filma.&#8221; Molimo Vas da posebno obratite pa\u017enju na ta\u010dnost kontakt informacija, jer \u0107e ih, po primanju, na\u0161 tim koristiti kako bi sa Vama dogovorio dalje detalje.&nbsp; Hvala na razumijevanju Va\u0161 Viva tim<\/p>\n","protected":false},"author":3,"featured_media":0,"parent":0,"menu_order":0,"comment_status":"closed","ping_status":"closed","template":"","meta":{"footnotes":""},"class_list":["post-6066","page","type-page","status-publish","hentry"],"_links":{"self":[{"href":"https:\/\/vivaba.com\/index.php?rest_route=\/wp\/v2\/pages\/6066","targetHints":{"allow":["GET"]}}],"collection":[{"href":"https:\/\/vivaba.com\/index.php?rest_route=\/wp\/v2\/pages"}],"about":[{"href":"https:\/\/vivaba.com\/index.php?rest_route=\/wp\/v2\/types\/page"}],"author":[{"embeddable":true,"href":"https:\/\/vivaba.com\/index.php?rest_route=\/wp\/v2\/users\/3"}],"replies":[{"embeddable":true,"href":"https:\/\/vivaba.com\/index.php?rest_route=%2Fwp%2Fv2%2Fcomments&post=6066"}],"version-history":[{"count":15,"href":"https:\/\/vivaba.com\/index.php?rest_route=\/wp\/v2\/pages\/6066\/revisions"}],"predecessor-version":[{"id":9211,"href":"https:\/\/vivaba.com\/index.php?rest_route=\/wp\/v2\/pages\/6066\/revisions\/9211"}],"wp:attachment":[{"href":"https:\/\/vivaba.com\/index.php?rest_route=%2Fwp%2Fv2%2Fmedia&parent=6066"}],"curies":[{"name":"wp","href":"https:\/\/api.w.org\/{rel}","templated":true}]}}